{"id":180,"date":"2023-02-12T10:56:42","date_gmt":"2023-02-12T09:56:42","guid":{"rendered":"https:\/\/antonschuurman.eu\/?page_id=180"},"modified":"2023-02-12T11:38:40","modified_gmt":"2023-02-12T10:38:40","slug":"material-culture-and-consumer-history","status":"publish","type":"page","link":"https:\/\/antonschuurman.eu\/?page_id=180","title":{"rendered":"Material Culture and Consumer History"},"content":{"rendered":"\n<p><a href=\"http:\/\/www.brepols.net\/Pages\/ShowProduct.aspx?prod_id=IS-9782503545165-1\" target=\"_blank\" rel=\"noreferrer noopener\">Wealth and poverty in European rural societies from the Sixteenth to Nineteenth century.<\/a>&nbsp;(Turhout: Brepols, 2014). (Edited volume, together with John Broad).<\/p>\n\n\n\n<p>\u2018Things by which one measures one\u2019s life. Wealth and poverty in European rural societies\u2019. In John Broad &amp; Anton Schuurman (Eds.),&nbsp;<em>Wealth and poverty in European rural societies<\/em>. Turnhout: Brepols, 2014, 1-37.<\/p>\n\n\n\n<p>\u2018From citizen to consumer to citizen-consumer? The development of the welfare state and the consumer society\u2019, in: Hester Moerbeek, Anke Niehof, Johan van Ophem (eds.),\u00a0<em>Changing families and their lifestyles<\/em>. Mansholt publication series. Volume 5 (Wageningen:Wageningen Academic Publisher, 2007) 213-231.<\/p>\n\n\n\n<p><em>Aards Geluk. De Nederlanders en hun spullen, 1550-1850<\/em> (Earthly happiness. The Dutch and their objects) (Amsterdam: Balans, 1997) 350 blz. (together with Jan de Vries en Ad van der Woude)<\/p>\n\n\n\n<p><em>Material culture: consumption, life-style, standard of living, 1500-1900<\/em> (Milano: Universit\u00e0 Bocconi, 1994) 174 blz. (together with L.S. Walsh).<\/p>\n\n\n\n<p><em>Inventaires apr\u00e8s d\u00e9c\u00e8s et ventes des meubles. Apports \u00e0 une histoire de la vie \u00e9conomique et quotidienne, XIVe-XIXe si\u00e8cles<\/em>, Louvain-la-Neuve (Academia) 1988 (391 blz.). (together with Micheline Baulant and Paul Servais)<\/p>\n\n\n\n<p><em>Materi\u00eble cultuur en levensstijl. Een onderzoek naar de taal der dingen op het Nederlandse platteland in de 19e eeuw. De Zaanstreek, Oost-Groningen, Oost-Brabant, Wageningen<\/em>  (Material culture and lifestyle. The language of things in the Dutch 19th century countryside) (A.A.G. Bijdragen 30) and Utrecht 1989<\/p>\n\n\n\n<p><em>Wonen in het verleden, 17e-20e eeuw. Economie, politiek, volkshuisvesting, cultuur en bibliografie<\/em> (Housing in the past. 17th &#8211; 20th centuries. Economics, politics, housing policy, culture and bibliography), Amsterdam 1987 (NEHA-SERIES III). (together with P.M.M. Klep, J.Th. Lindblad, P. Singelenberg, Th. van Tijn)<\/p>\n\n\n\n<p><em>Probate inventories. A new source for the historical study of wealth, material culture and agricultural development<\/em>, Wageningen (A.A.G. Bijdragen 23) and Utrecht 1980 (320 blz.). (together with Ad van der Woude)<\/p>\n","protected":false},"excerpt":{"rendered":"<p>Wealth and poverty in European rural societies from the Sixteenth to Nineteenth century.&nbsp;(Turhout: Brepols, 2014). (Edited volume, together with John Broad). \u2018Things by which one measures one\u2019s life. Wealth and poverty in European rural societies\u2019. In John Broad &amp; Anton Schuurman (Eds.),&nbsp;Wealth and poverty in European rural societies. Turnhout: Brepols, 2014, 1-37. \u2018From citizen to &hellip; <\/p>\n<p class=\"link-more\"><a href=\"https:\/\/antonschuurman.eu\/?page_id=180\" class=\"more-link\">Continue reading<span class=\"screen-reader-text\"> &#8220;Material Culture and Consumer History&#8221;<\/span><\/a><\/p>\n","protected":false},"author":1,"featured_media":0,"parent":0,"menu_order":0,"comment_status":"closed","ping_status":"closed","template":"","meta":{"footnotes":""},"class_list":["post-180","page","type-page","status-publish","hentry"],"_links":{"self":[{"href":"https:\/\/antonschuurman.eu\/index.php?rest_route=\/wp\/v2\/pages\/180","targetHints":{"allow":["GET"]}}],"collection":[{"href":"https:\/\/antonschuurman.eu\/index.php?rest_route=\/wp\/v2\/pages"}],"about":[{"href":"https:\/\/antonschuurman.eu\/index.php?rest_route=\/wp\/v2\/types\/page"}],"author":[{"embeddable":true,"href":"https:\/\/antonschuurman.eu\/index.php?rest_route=\/wp\/v2\/users\/1"}],"replies":[{"embeddable":true,"href":"https:\/\/antonschuurman.eu\/index.php?rest_route=%2Fwp%2Fv2%2Fcomments&post=180"}],"version-history":[{"count":3,"href":"https:\/\/antonschuurman.eu\/index.php?rest_route=\/wp\/v2\/pages\/180\/revisions"}],"predecessor-version":[{"id":199,"href":"https:\/\/antonschuurman.eu\/index.php?rest_route=\/wp\/v2\/pages\/180\/revisions\/199"}],"wp:attachment":[{"href":"https:\/\/antonschuurman.eu\/index.php?rest_route=%2Fwp%2Fv2%2Fmedia&parent=180"}],"curies":[{"name":"wp","href":"https:\/\/api.w.org\/{rel}","templated":true}]}}